{"id":11,"date":"2023-05-26T08:15:21","date_gmt":"2023-05-26T08:15:21","guid":{"rendered":"https:\/\/www.bauplanung-hessen.de\/?page_id=11"},"modified":"2023-12-07T12:05:14","modified_gmt":"2023-12-07T12:05:14","slug":"planung","status":"publish","type":"page","link":"https:\/\/www.bauplanung-hessen.de\/?page_id=11","title":{"rendered":"Planung"},"content":{"rendered":"\n<figure class=\"wp-block-image size-large is-resized\"><img loading=\"lazy\" decoding=\"async\" width=\"1024\" height=\"576\" src=\"https:\/\/www.bauplanung-hessen.de\/wp-content\/uploads\/2023\/05\/A-1-1-50-3D-X-1-1024x576.jpg\" alt=\"\" class=\"wp-image-74\" style=\"width:452px;height:253px\" srcset=\"https:\/\/www.bauplanung-hessen.de\/wp-content\/uploads\/2023\/05\/A-1-1-50-3D-X-1-1024x576.jpg 1024w, https:\/\/www.bauplanung-hessen.de\/wp-content\/uploads\/2023\/05\/A-1-1-50-3D-X-1-300x169.jpg 300w, https:\/\/www.bauplanung-hessen.de\/wp-content\/uploads\/2023\/05\/A-1-1-50-3D-X-1-768x432.jpg 768w, https:\/\/www.bauplanung-hessen.de\/wp-content\/uploads\/2023\/05\/A-1-1-50-3D-X-1-1536x864.jpg 1536w, https:\/\/www.bauplanung-hessen.de\/wp-content\/uploads\/2023\/05\/A-1-1-50-3D-X-1.jpg 1920w\" sizes=\"(max-width: 1024px) 100vw, 1024px\" \/><figcaption class=\"wp-element-caption\"><em><strong>Planung und Projektleitung eines Neubaus <br>12 Familienhauses mit Tiefgarage<\/strong><\/em> &#8211; FFM<\/figcaption><\/figure>\n\n\n\n<p>.<\/p>\n\n\n\n<p class=\"has-medium-font-size\">Ich erstelle Planunterlagen f\u00fcr Sie in allen gew\u00fcnschten Ma\u00dfst\u00e4ben.<\/p>\n\n\n\n<p>.<\/p>\n\n\n\n<p class=\"has-medium-font-size\">Egal, welches Bauprojekt Sie planen, sanieren, ver\u00e4ndern oder bauen m\u00f6chten, einrichten wollen oder neugestalten m\u00f6chten, bin ich Ihr fachlich kompetenter Kontakt.<\/p>\n\n\n\n<p>.<\/p>\n\n\n\n<p class=\"has-luminous-vivid-orange-color has-text-color has-medium-font-size\"><strong>Ihr Ansprechpartner in allen Planungsfragen<\/strong>!<\/p>\n\n\n\n<p>.<\/p>\n\n\n\n<p class=\"has-black-color has-text-color has-medium-font-size\">Ich plane Wohnungen, Reihenh\u00e4user, Mehrfamilienh\u00e4user, Wohnanlagen, B\u00fcroh\u00e4user, Superm\u00e4rkte, Arztpraxen, Krankenh\u00e4user, Hotels, Altenwohnanlagen und fertige projektbezogene Planungen f\u00fcr Innenarchitektur und Einrichtungen an, usw..<\/p>\n\n\n\n<p>.<\/p>\n\n\n\n<p class=\"has-medium-font-size\">Also grunds\u00e4tzlich Wohn- und Gewerbeprojekte aller Art.<\/p>\n\n\n\n<p>.<\/p>\n\n\n\n<p class=\"has-medium-font-size\">Zun\u00e4chst vereinbaren wir einen pers\u00f6nlichen Termin, zu welchem Sie alle notwendigen Unterlagen und Angaben und Ihre Ideen mitbringen. <em>(Siehe Checkliste)<\/em><\/p>\n\n\n\n<p class=\"has-medium-font-size\">Danach werde ich mit Ihren Angaben einen Vorentwurf zeichnen.<\/p>\n\n\n\n<p>.<\/p>\n\n\n\n<p class=\"has-medium-font-size\">Im Anschluss setzen wir uns erneut zusammen, um den Vorentwurf zu pr\u00fcfen und zu besprechen.<\/p>\n\n\n\n<p class=\"has-medium-font-size\">Sofern erforderlich, werde ich dann unter Ber\u00fccksichtigung der besprochenen \u00c4nderungen einen 2. Vorentwurf in korrigierter Form Anfertigen.<\/p>\n\n\n\n<p>.<\/p>\n\n\n\n<p class=\"has-medium-font-size\">Danach erfolgt nach schriftlicher Freigabe, die Entwurfplanung, wonach dann die Baugenehmigungspl\u00e4ne anfertigt werden.<\/p>\n\n\n\n<p>.<\/p>\n\n\n\n<p class=\"has-medium-font-size\">Im n\u00e4chsten Schritt fertige ich anschlie\u00dfend, ebenfalls nach schriftlicher Bestellung, die hierauf basierenden Werkpl\u00e4ne an.<\/p>\n\n\n\n<p>.<\/p>\n\n\n\n<p class=\"has-medium-font-size\">Das gleiche Procedere findet ebenso bei allen anderen Bauvorhaben statt, wobei f\u00fcr eine Altbausanierung und einer Plananfertigung nach \u00f6rtlichem Aufma\u00df, immer ein Aufma\u00dftermin voransteht, bzw. stattfinden wird. Diese Aufma\u00dfe sind stets schriftlich zu Beauftragen.<\/p>\n\n\n\n<p>.<\/p>\n\n\n\n<figure class=\"wp-block-image size-large is-resized\"><img loading=\"lazy\" decoding=\"async\" width=\"1024\" height=\"724\" src=\"https:\/\/www.bauplanung-hessen.de\/wp-content\/uploads\/2023\/05\/Sanierungsplan-neuAbriss-1024x724.jpg\" alt=\"\" class=\"wp-image-75\" style=\"width:481px;height:339px\" srcset=\"https:\/\/www.bauplanung-hessen.de\/wp-content\/uploads\/2023\/05\/Sanierungsplan-neuAbriss-1024x724.jpg 1024w, https:\/\/www.bauplanung-hessen.de\/wp-content\/uploads\/2023\/05\/Sanierungsplan-neuAbriss-300x212.jpg 300w, https:\/\/www.bauplanung-hessen.de\/wp-content\/uploads\/2023\/05\/Sanierungsplan-neuAbriss-768x543.jpg 768w, https:\/\/www.bauplanung-hessen.de\/wp-content\/uploads\/2023\/05\/Sanierungsplan-neuAbriss.bmp 1199w\" sizes=\"(max-width: 1024px) 100vw, 1024px\" \/><figcaption class=\"wp-element-caption\"><em><strong>Altbausanierung-Umbau eines bestehenden Hauses<\/strong><\/em><\/figcaption><\/figure>\n\n\n\n<p>.<\/p>\n\n\n\n<p class=\"has-medium-font-size\">Im \u00dcbrigen erstelle ich immer die Planunterlagen nach enger Absprache der Auftraggeber, unter Ber\u00fccksichtigung der jeweiligen Machbarkeit und nach ihrer W\u00fcnsche (sofern umsetzbar)<\/p>\n\n\n\n<p>.<\/p>\n\n\n\n<p class=\"has-medium-font-size\">F\u00fcr alle Fragen in Sachen Planung\/en stehe ich jederzeit gerne zur Verf\u00fcgung.<\/p>\n\n\n\n<p>.<\/p>\n\n\n\n<p class=\"has-vivid-cyan-blue-color has-text-color\"><em><strong>Ronald Christ,<\/strong><\/em><\/p>\n\n\n\n<p class=\"has-vivid-cyan-blue-color has-text-color\"><em><strong>Bauplanung-hessen.de<\/strong><\/em><\/p>\n","protected":false},"excerpt":{"rendered":"<p>. Ich erstelle Planunterlagen f\u00fcr Sie in allen gew\u00fcnschten Ma\u00dfst\u00e4ben. . Egal, welches Bauprojekt Sie planen, sanieren, ver\u00e4ndern oder bauen m\u00f6chten, einrichten wollen oder neugestalten m\u00f6chten, bin ich Ihr fachlich kompetenter Kontakt. . Ihr Ansprechpartner in allen Planungsfragen! . Ich plane Wohnungen, Reihenh\u00e4user, Mehrfamilienh\u00e4user, Wohnanlagen, B\u00fcroh\u00e4user, Superm\u00e4rkte, Arztpraxen, Krankenh\u00e4user, Hotels, Altenwohnanlagen und fertige projektbezogene Planungen [&hellip;]<\/p>\n","protected":false},"author":1,"featured_media":0,"parent":0,"menu_order":0,"comment_status":"closed","ping_status":"closed","template":"","meta":{"footnotes":""},"class_list":["post-11","page","type-page","status-publish","hentry"],"_links":{"self":[{"href":"https:\/\/www.bauplanung-hessen.de\/index.php?rest_route=\/wp\/v2\/pages\/11"}],"collection":[{"href":"https:\/\/www.bauplanung-hessen.de\/index.php?rest_route=\/wp\/v2\/pages"}],"about":[{"href":"https:\/\/www.bauplanung-hessen.de\/index.php?rest_route=\/wp\/v2\/types\/page"}],"author":[{"embeddable":true,"href":"https:\/\/www.bauplanung-hessen.de\/index.php?rest_route=\/wp\/v2\/users\/1"}],"replies":[{"embeddable":true,"href":"https:\/\/www.bauplanung-hessen.de\/index.php?rest_route=%2Fwp%2Fv2%2Fcomments&post=11"}],"version-history":[{"count":10,"href":"https:\/\/www.bauplanung-hessen.de\/index.php?rest_route=\/wp\/v2\/pages\/11\/revisions"}],"predecessor-version":[{"id":261,"href":"https:\/\/www.bauplanung-hessen.de\/index.php?rest_route=\/wp\/v2\/pages\/11\/revisions\/261"}],"wp:attachment":[{"href":"https:\/\/www.bauplanung-hessen.de\/index.php?rest_route=%2Fwp%2Fv2%2Fmedia&parent=11"}],"curies":[{"name":"wp","href":"https:\/\/api.w.org\/{rel}","templated":true}]}}