{"id":15,"date":"2023-05-26T08:15:21","date_gmt":"2023-05-26T08:15:21","guid":{"rendered":"https:\/\/www.bauplanung-hessen.de\/?page_id=15"},"modified":"2023-05-26T15:46:28","modified_gmt":"2023-05-26T15:46:28","slug":"datenschutz","status":"publish","type":"page","link":"https:\/\/www.bauplanung-hessen.de\/?page_id=15","title":{"rendered":"Datenschutz"},"content":{"rendered":"\n<p>Diese Seite wird derzeit erstellt.<\/p>\n\n\n\n<p>Bis dahin gelten f\u00fcr alle Aktivit\u00e4ten die Regelungen des g\u00fcltigen Datenschutzgesetzes.<\/p>\n","protected":false},"excerpt":{"rendered":"<p>Diese Seite wird derzeit erstellt. Bis dahin gelten f\u00fcr alle Aktivit\u00e4ten die Regelungen des g\u00fcltigen Datenschutzgesetzes.<\/p>\n","protected":false},"author":1,"featured_media":0,"parent":0,"menu_order":0,"comment_status":"closed","ping_status":"closed","template":"","meta":{"footnotes":""},"class_list":["post-15","page","type-page","status-publish","hentry"],"_links":{"self":[{"href":"https:\/\/www.bauplanung-hessen.de\/index.php?rest_route=\/wp\/v2\/pages\/15"}],"collection":[{"href":"https:\/\/www.bauplanung-hessen.de\/index.php?rest_route=\/wp\/v2\/pages"}],"about":[{"href":"https:\/\/www.bauplanung-hessen.de\/index.php?rest_route=\/wp\/v2\/types\/page"}],"author":[{"embeddable":true,"href":"https:\/\/www.bauplanung-hessen.de\/index.php?rest_route=\/wp\/v2\/users\/1"}],"replies":[{"embeddable":true,"href":"https:\/\/www.bauplanung-hessen.de\/index.php?rest_route=%2Fwp%2Fv2%2Fcomments&post=15"}],"version-history":[{"count":3,"href":"https:\/\/www.bauplanung-hessen.de\/index.php?rest_route=\/wp\/v2\/pages\/15\/revisions"}],"predecessor-version":[{"id":50,"href":"https:\/\/www.bauplanung-hessen.de\/index.php?rest_route=\/wp\/v2\/pages\/15\/revisions\/50"}],"wp:attachment":[{"href":"https:\/\/www.bauplanung-hessen.de\/index.php?rest_route=%2Fwp%2Fv2%2Fmedia&parent=15"}],"curies":[{"name":"wp","href":"https:\/\/api.w.org\/{rel}","templated":true}]}}