{"id":77,"date":"2023-05-29T09:11:12","date_gmt":"2023-05-29T09:11:12","guid":{"rendered":"https:\/\/www.bauplanung-hessen.de\/?page_id=77"},"modified":"2023-05-30T07:51:49","modified_gmt":"2023-05-30T07:51:49","slug":"entwuerfe-referenzen","status":"publish","type":"page","link":"https:\/\/www.bauplanung-hessen.de\/?page_id=77","title":{"rendered":"Entw\u00fcrfe, Referenzen"},"content":{"rendered":"\n<p class=\"has-medium-font-size\">Hier ein Auszug meiner Arbeiten<\/p>\n\n\n\n<p class=\"has-medium-font-size\"><strong>Mehrfamilienhaus Frankfurt mit TG<\/strong><\/p>\n\n\n\n<figure class=\"wp-block-gallery has-nested-images columns-default is-cropped wp-block-gallery-1 is-layout-flex wp-block-gallery-is-layout-flex\">\n<figure class=\"wp-block-image size-large\"><img loading=\"lazy\" decoding=\"async\" width=\"1024\" height=\"576\" data-id=\"81\" src=\"https:\/\/www.bauplanung-hessen.de\/wp-content\/uploads\/2023\/05\/A-1-1-50-3D-X-2-1024x576.jpg\" alt=\"\" class=\"wp-image-81\" srcset=\"https:\/\/www.bauplanung-hessen.de\/wp-content\/uploads\/2023\/05\/A-1-1-50-3D-X-2-1024x576.jpg 1024w, https:\/\/www.bauplanung-hessen.de\/wp-content\/uploads\/2023\/05\/A-1-1-50-3D-X-2-300x169.jpg 300w, https:\/\/www.bauplanung-hessen.de\/wp-content\/uploads\/2023\/05\/A-1-1-50-3D-X-2-768x432.jpg 768w, https:\/\/www.bauplanung-hessen.de\/wp-content\/uploads\/2023\/05\/A-1-1-50-3D-X-2-1536x864.jpg 1536w, https:\/\/www.bauplanung-hessen.de\/wp-content\/uploads\/2023\/05\/A-1-1-50-3D-X-2.jpg 1920w\" sizes=\"(max-width: 1024px) 100vw, 1024px\" \/><\/figure>\n\n\n\n<figure class=\"wp-block-image size-large\"><img loading=\"lazy\" decoding=\"async\" width=\"1024\" height=\"769\" data-id=\"83\" src=\"https:\/\/www.bauplanung-hessen.de\/wp-content\/uploads\/2023\/05\/FFM-TG-1024x769.jpeg\" alt=\"\" class=\"wp-image-83\" srcset=\"https:\/\/www.bauplanung-hessen.de\/wp-content\/uploads\/2023\/05\/FFM-TG-1024x769.jpeg 1024w, https:\/\/www.bauplanung-hessen.de\/wp-content\/uploads\/2023\/05\/FFM-TG-300x225.jpeg 300w, https:\/\/www.bauplanung-hessen.de\/wp-content\/uploads\/2023\/05\/FFM-TG-768x576.jpeg 768w, https:\/\/www.bauplanung-hessen.de\/wp-content\/uploads\/2023\/05\/FFM-TG-1536x1153.jpeg 1536w, https:\/\/www.bauplanung-hessen.de\/wp-content\/uploads\/2023\/05\/FFM-TG.jpeg 2000w\" sizes=\"(max-width: 1024px) 100vw, 1024px\" \/><\/figure>\n\n\n\n<figure class=\"wp-block-image size-large\"><img loading=\"lazy\" decoding=\"async\" width=\"1024\" height=\"769\" data-id=\"84\" src=\"https:\/\/www.bauplanung-hessen.de\/wp-content\/uploads\/2023\/05\/FFM-EG-2-1024x769.jpeg\" alt=\"\" class=\"wp-image-84\" srcset=\"https:\/\/www.bauplanung-hessen.de\/wp-content\/uploads\/2023\/05\/FFM-EG-2-1024x769.jpeg 1024w, https:\/\/www.bauplanung-hessen.de\/wp-content\/uploads\/2023\/05\/FFM-EG-2-300x225.jpeg 300w, https:\/\/www.bauplanung-hessen.de\/wp-content\/uploads\/2023\/05\/FFM-EG-2-768x576.jpeg 768w, https:\/\/www.bauplanung-hessen.de\/wp-content\/uploads\/2023\/05\/FFM-EG-2-1536x1153.jpeg 1536w, https:\/\/www.bauplanung-hessen.de\/wp-content\/uploads\/2023\/05\/FFM-EG-2.jpeg 2000w\" sizes=\"(max-width: 1024px) 100vw, 1024px\" \/><\/figure>\n\n\n\n<figure class=\"wp-block-image size-large\"><img loading=\"lazy\" decoding=\"async\" width=\"1024\" height=\"769\" data-id=\"85\" src=\"https:\/\/www.bauplanung-hessen.de\/wp-content\/uploads\/2023\/05\/FFM-1.OG_-1024x769.jpeg\" alt=\"\" class=\"wp-image-85\" srcset=\"https:\/\/www.bauplanung-hessen.de\/wp-content\/uploads\/2023\/05\/FFM-1.OG_-1024x769.jpeg 1024w, https:\/\/www.bauplanung-hessen.de\/wp-content\/uploads\/2023\/05\/FFM-1.OG_-300x225.jpeg 300w, https:\/\/www.bauplanung-hessen.de\/wp-content\/uploads\/2023\/05\/FFM-1.OG_-768x576.jpeg 768w, https:\/\/www.bauplanung-hessen.de\/wp-content\/uploads\/2023\/05\/FFM-1.OG_-1536x1153.jpeg 1536w, https:\/\/www.bauplanung-hessen.de\/wp-content\/uploads\/2023\/05\/FFM-1.OG_.jpeg 2000w\" sizes=\"(max-width: 1024px) 100vw, 1024px\" \/><\/figure>\n<\/figure>\n\n\n\n<p>.<\/p>\n\n\n\n<p class=\"has-medium-font-size\"><strong>1 FH &#8211; Bungalow &#8211; 1.Entwurf<\/strong><\/p>\n\n\n\n<figure class=\"wp-block-gallery has-nested-images columns-default is-cropped wp-block-gallery-2 is-layout-flex wp-block-gallery-is-layout-flex\">\n<figure class=\"wp-block-image size-large\"><img loading=\"lazy\" decoding=\"async\" width=\"1024\" height=\"406\" data-id=\"87\" src=\"https:\/\/www.bauplanung-hessen.de\/wp-content\/uploads\/2023\/05\/1.-Entwurf-EFH-Bungalow-Freiflaechenplan-1-1024x406.jpg\" alt=\"\" class=\"wp-image-87\" srcset=\"https:\/\/www.bauplanung-hessen.de\/wp-content\/uploads\/2023\/05\/1.-Entwurf-EFH-Bungalow-Freiflaechenplan-1-1024x406.jpg 1024w, https:\/\/www.bauplanung-hessen.de\/wp-content\/uploads\/2023\/05\/1.-Entwurf-EFH-Bungalow-Freiflaechenplan-1-300x119.jpg 300w, https:\/\/www.bauplanung-hessen.de\/wp-content\/uploads\/2023\/05\/1.-Entwurf-EFH-Bungalow-Freiflaechenplan-1-768x304.jpg 768w, https:\/\/www.bauplanung-hessen.de\/wp-content\/uploads\/2023\/05\/1.-Entwurf-EFH-Bungalow-Freiflaechenplan-1-1536x609.jpg 1536w, https:\/\/www.bauplanung-hessen.de\/wp-content\/uploads\/2023\/05\/1.-Entwurf-EFH-Bungalow-Freiflaechenplan-1.bmp 1600w\" sizes=\"(max-width: 1024px) 100vw, 1024px\" \/><\/figure>\n<\/figure>\n\n\n\n<p>.<\/p>\n\n\n\n<p class=\"has-medium-font-size\"><strong>Entwurf &#8211; <\/strong>Villa<\/p>\n\n\n\n<figure class=\"wp-block-gallery has-nested-images columns-default is-cropped wp-block-gallery-3 is-layout-flex wp-block-gallery-is-layout-flex\">\n<figure class=\"wp-block-image size-large\"><img loading=\"lazy\" decoding=\"async\" width=\"1024\" height=\"576\" data-id=\"88\" src=\"https:\/\/www.bauplanung-hessen.de\/wp-content\/uploads\/2023\/05\/Musterhaus-A-22-3-D-Strasse-1024x576.jpg\" alt=\"\" class=\"wp-image-88\" srcset=\"https:\/\/www.bauplanung-hessen.de\/wp-content\/uploads\/2023\/05\/Musterhaus-A-22-3-D-Strasse-1024x576.jpg 1024w, https:\/\/www.bauplanung-hessen.de\/wp-content\/uploads\/2023\/05\/Musterhaus-A-22-3-D-Strasse-300x169.jpg 300w, https:\/\/www.bauplanung-hessen.de\/wp-content\/uploads\/2023\/05\/Musterhaus-A-22-3-D-Strasse-768x432.jpg 768w, https:\/\/www.bauplanung-hessen.de\/wp-content\/uploads\/2023\/05\/Musterhaus-A-22-3-D-Strasse-1536x864.jpg 1536w, https:\/\/www.bauplanung-hessen.de\/wp-content\/uploads\/2023\/05\/Musterhaus-A-22-3-D-Strasse.jpg 1920w\" sizes=\"(max-width: 1024px) 100vw, 1024px\" \/><\/figure>\n<\/figure>\n\n\n\n<p>.<\/p>\n\n\n\n<p class=\"has-medium-font-size\">1.<strong>Entwurf in Arbeit &#8211; B\u00fcrohaus in 2 Geb\u00e4uden<\/strong><\/p>\n\n\n\n<figure class=\"wp-block-gallery has-nested-images columns-default is-cropped wp-block-gallery-4 is-layout-flex wp-block-gallery-is-layout-flex\">\n<figure class=\"wp-block-image size-large\"><img loading=\"lazy\" decoding=\"async\" width=\"1024\" height=\"768\" data-id=\"89\" src=\"https:\/\/www.bauplanung-hessen.de\/wp-content\/uploads\/2023\/05\/Musterhaus-Entwurf-i.Arbeit-1024x768.jpg\" alt=\"\" class=\"wp-image-89\" srcset=\"https:\/\/www.bauplanung-hessen.de\/wp-content\/uploads\/2023\/05\/Musterhaus-Entwurf-i.Arbeit-1024x768.jpg 1024w, https:\/\/www.bauplanung-hessen.de\/wp-content\/uploads\/2023\/05\/Musterhaus-Entwurf-i.Arbeit-300x225.jpg 300w, https:\/\/www.bauplanung-hessen.de\/wp-content\/uploads\/2023\/05\/Musterhaus-Entwurf-i.Arbeit-768x576.jpg 768w, https:\/\/www.bauplanung-hessen.de\/wp-content\/uploads\/2023\/05\/Musterhaus-Entwurf-i.Arbeit-1536x1152.jpg 1536w, https:\/\/www.bauplanung-hessen.de\/wp-content\/uploads\/2023\/05\/Musterhaus-Entwurf-i.Arbeit.jpg 1695w\" sizes=\"(max-width: 1024px) 100vw, 1024px\" \/><\/figure>\n\n\n\n<figure class=\"wp-block-image size-large\"><img loading=\"lazy\" decoding=\"async\" width=\"1024\" height=\"768\" data-id=\"99\" src=\"https:\/\/www.bauplanung-hessen.de\/wp-content\/uploads\/2023\/05\/Musterhs.-Entwurf-GR-1024x768.jpg\" alt=\"\" class=\"wp-image-99\" srcset=\"https:\/\/www.bauplanung-hessen.de\/wp-content\/uploads\/2023\/05\/Musterhs.-Entwurf-GR-1024x768.jpg 1024w, https:\/\/www.bauplanung-hessen.de\/wp-content\/uploads\/2023\/05\/Musterhs.-Entwurf-GR-300x225.jpg 300w, https:\/\/www.bauplanung-hessen.de\/wp-content\/uploads\/2023\/05\/Musterhs.-Entwurf-GR-768x576.jpg 768w, https:\/\/www.bauplanung-hessen.de\/wp-content\/uploads\/2023\/05\/Musterhs.-Entwurf-GR-1536x1152.jpg 1536w, https:\/\/www.bauplanung-hessen.de\/wp-content\/uploads\/2023\/05\/Musterhs.-Entwurf-GR.jpg 1695w\" sizes=\"(max-width: 1024px) 100vw, 1024px\" \/><\/figure>\n<\/figure>\n\n\n\n<p>.<\/p>\n\n\n\n<p class=\"has-medium-font-size\">1.<strong>Entwurf Hotel mit 600 Zimmer &#8211; Restaurant, Bar Konferenzr\u00e4ume in Arbeit<\/strong><\/p>\n\n\n\n<figure class=\"wp-block-gallery has-nested-images columns-default is-cropped wp-block-gallery-5 is-layout-flex wp-block-gallery-is-layout-flex\">\n<figure class=\"wp-block-image size-large\"><img loading=\"lazy\" decoding=\"async\" width=\"1024\" height=\"768\" data-id=\"90\" src=\"https:\/\/www.bauplanung-hessen.de\/wp-content\/uploads\/2023\/05\/Planung-Hotel-i.A.-3D-1024x768.jpg\" alt=\"\" class=\"wp-image-90\" srcset=\"https:\/\/www.bauplanung-hessen.de\/wp-content\/uploads\/2023\/05\/Planung-Hotel-i.A.-3D-1024x768.jpg 1024w, https:\/\/www.bauplanung-hessen.de\/wp-content\/uploads\/2023\/05\/Planung-Hotel-i.A.-3D-300x225.jpg 300w, https:\/\/www.bauplanung-hessen.de\/wp-content\/uploads\/2023\/05\/Planung-Hotel-i.A.-3D-768x576.jpg 768w, https:\/\/www.bauplanung-hessen.de\/wp-content\/uploads\/2023\/05\/Planung-Hotel-i.A.-3D-1536x1152.jpg 1536w, https:\/\/www.bauplanung-hessen.de\/wp-content\/uploads\/2023\/05\/Planung-Hotel-i.A.-3D.jpg 1695w\" sizes=\"(max-width: 1024px) 100vw, 1024px\" \/><\/figure>\n\n\n\n<figure class=\"wp-block-image size-large\"><img loading=\"lazy\" decoding=\"async\" width=\"1024\" height=\"768\" data-id=\"91\" src=\"https:\/\/www.bauplanung-hessen.de\/wp-content\/uploads\/2023\/05\/Planung-Hotel-EG-1024x768.jpg\" alt=\"\" class=\"wp-image-91\" srcset=\"https:\/\/www.bauplanung-hessen.de\/wp-content\/uploads\/2023\/05\/Planung-Hotel-EG-1024x768.jpg 1024w, https:\/\/www.bauplanung-hessen.de\/wp-content\/uploads\/2023\/05\/Planung-Hotel-EG-300x225.jpg 300w, https:\/\/www.bauplanung-hessen.de\/wp-content\/uploads\/2023\/05\/Planung-Hotel-EG-768x576.jpg 768w, https:\/\/www.bauplanung-hessen.de\/wp-content\/uploads\/2023\/05\/Planung-Hotel-EG-1536x1152.jpg 1536w, https:\/\/www.bauplanung-hessen.de\/wp-content\/uploads\/2023\/05\/Planung-Hotel-EG.jpg 1695w\" sizes=\"(max-width: 1024px) 100vw, 1024px\" \/><\/figure>\n\n\n\n<figure class=\"wp-block-image size-large\"><img loading=\"lazy\" decoding=\"async\" width=\"1024\" height=\"768\" data-id=\"92\" src=\"https:\/\/www.bauplanung-hessen.de\/wp-content\/uploads\/2023\/05\/Planausschnitt-1-Hotel-1024x768.jpg\" alt=\"\" class=\"wp-image-92\" srcset=\"https:\/\/www.bauplanung-hessen.de\/wp-content\/uploads\/2023\/05\/Planausschnitt-1-Hotel-1024x768.jpg 1024w, https:\/\/www.bauplanung-hessen.de\/wp-content\/uploads\/2023\/05\/Planausschnitt-1-Hotel-300x225.jpg 300w, https:\/\/www.bauplanung-hessen.de\/wp-content\/uploads\/2023\/05\/Planausschnitt-1-Hotel-768x576.jpg 768w, https:\/\/www.bauplanung-hessen.de\/wp-content\/uploads\/2023\/05\/Planausschnitt-1-Hotel-1536x1152.jpg 1536w, https:\/\/www.bauplanung-hessen.de\/wp-content\/uploads\/2023\/05\/Planausschnitt-1-Hotel.jpg 1695w\" sizes=\"(max-width: 1024px) 100vw, 1024px\" \/><\/figure>\n\n\n\n<figure class=\"wp-block-image size-large\"><img loading=\"lazy\" decoding=\"async\" width=\"1024\" height=\"768\" data-id=\"93\" src=\"https:\/\/www.bauplanung-hessen.de\/wp-content\/uploads\/2023\/05\/Planausschnitt-2-Hotel-1024x768.jpg\" alt=\"\" class=\"wp-image-93\" srcset=\"https:\/\/www.bauplanung-hessen.de\/wp-content\/uploads\/2023\/05\/Planausschnitt-2-Hotel-1024x768.jpg 1024w, https:\/\/www.bauplanung-hessen.de\/wp-content\/uploads\/2023\/05\/Planausschnitt-2-Hotel-300x225.jpg 300w, https:\/\/www.bauplanung-hessen.de\/wp-content\/uploads\/2023\/05\/Planausschnitt-2-Hotel-768x576.jpg 768w, https:\/\/www.bauplanung-hessen.de\/wp-content\/uploads\/2023\/05\/Planausschnitt-2-Hotel-1536x1152.jpg 1536w, https:\/\/www.bauplanung-hessen.de\/wp-content\/uploads\/2023\/05\/Planausschnitt-2-Hotel.jpg 1695w\" sizes=\"(max-width: 1024px) 100vw, 1024px\" \/><\/figure>\n\n\n\n<figure class=\"wp-block-image size-large\"><img loading=\"lazy\" decoding=\"async\" width=\"1024\" height=\"396\" data-id=\"96\" src=\"https:\/\/www.bauplanung-hessen.de\/wp-content\/uploads\/2023\/05\/DZ-2.001-1024x396.jpg\" alt=\"\" class=\"wp-image-96\" srcset=\"https:\/\/www.bauplanung-hessen.de\/wp-content\/uploads\/2023\/05\/DZ-2.001-1024x396.jpg 1024w, https:\/\/www.bauplanung-hessen.de\/wp-content\/uploads\/2023\/05\/DZ-2.001-300x116.jpg 300w, https:\/\/www.bauplanung-hessen.de\/wp-content\/uploads\/2023\/05\/DZ-2.001-768x297.jpg 768w, https:\/\/www.bauplanung-hessen.de\/wp-content\/uploads\/2023\/05\/DZ-2.001-1536x593.jpg 1536w, https:\/\/www.bauplanung-hessen.de\/wp-content\/uploads\/2023\/05\/DZ-2.001.bmp 1600w\" sizes=\"(max-width: 1024px) 100vw, 1024px\" \/><\/figure>\n<\/figure>\n\n\n\n<p>.<\/p>\n\n\n\n<p class=\"has-medium-font-size\"><strong>Arztpraxis und Aufstockung<\/strong><\/p>\n\n\n\n<figure class=\"wp-block-gallery has-nested-images columns-default is-cropped wp-block-gallery-6 is-layout-flex wp-block-gallery-is-layout-flex\">\n<figure class=\"wp-block-image size-large\"><img loading=\"lazy\" decoding=\"async\" width=\"1024\" height=\"768\" data-id=\"97\" src=\"https:\/\/www.bauplanung-hessen.de\/wp-content\/uploads\/2023\/05\/Planung-Aufstockung-1024x768.jpg\" alt=\"\" class=\"wp-image-97\" srcset=\"https:\/\/www.bauplanung-hessen.de\/wp-content\/uploads\/2023\/05\/Planung-Aufstockung-1024x768.jpg 1024w, https:\/\/www.bauplanung-hessen.de\/wp-content\/uploads\/2023\/05\/Planung-Aufstockung-300x225.jpg 300w, https:\/\/www.bauplanung-hessen.de\/wp-content\/uploads\/2023\/05\/Planung-Aufstockung-768x576.jpg 768w, https:\/\/www.bauplanung-hessen.de\/wp-content\/uploads\/2023\/05\/Planung-Aufstockung-1536x1152.jpg 1536w, https:\/\/www.bauplanung-hessen.de\/wp-content\/uploads\/2023\/05\/Planung-Aufstockung.jpg 1695w\" sizes=\"(max-width: 1024px) 100vw, 1024px\" \/><\/figure>\n\n\n\n<figure class=\"wp-block-image size-large\"><img loading=\"lazy\" decoding=\"async\" width=\"1024\" height=\"768\" data-id=\"98\" src=\"https:\/\/www.bauplanung-hessen.de\/wp-content\/uploads\/2023\/05\/Planung-Arztpraxis-1-1024x768.jpg\" alt=\"\" class=\"wp-image-98\" srcset=\"https:\/\/www.bauplanung-hessen.de\/wp-content\/uploads\/2023\/05\/Planung-Arztpraxis-1-1024x768.jpg 1024w, https:\/\/www.bauplanung-hessen.de\/wp-content\/uploads\/2023\/05\/Planung-Arztpraxis-1-300x225.jpg 300w, https:\/\/www.bauplanung-hessen.de\/wp-content\/uploads\/2023\/05\/Planung-Arztpraxis-1-768x576.jpg 768w, https:\/\/www.bauplanung-hessen.de\/wp-content\/uploads\/2023\/05\/Planung-Arztpraxis-1-1536x1152.jpg 1536w, https:\/\/www.bauplanung-hessen.de\/wp-content\/uploads\/2023\/05\/Planung-Arztpraxis-1.jpg 1695w\" sizes=\"(max-width: 1024px) 100vw, 1024px\" \/><\/figure>\n<\/figure>\n\n\n\n<p>.<\/p>\n\n\n\n<p class=\"has-medium-font-size\"><strong>Gutachten Berliner Verbau &#8211; Freie und unabh\u00e4ngige Kontrollbegutachtung<\/strong><\/p>\n\n\n\n<figure class=\"wp-block-gallery has-nested-images columns-default is-cropped wp-block-gallery-7 is-layout-flex wp-block-gallery-is-layout-flex\">\n<figure class=\"wp-block-image size-large\"><img loading=\"lazy\" decoding=\"async\" width=\"1024\" height=\"768\" data-id=\"100\" src=\"https:\/\/www.bauplanung-hessen.de\/wp-content\/uploads\/2023\/05\/Verbau-2-Erdbau-1024x768.jpg\" alt=\"\" class=\"wp-image-100\" srcset=\"https:\/\/www.bauplanung-hessen.de\/wp-content\/uploads\/2023\/05\/Verbau-2-Erdbau-1024x768.jpg 1024w, https:\/\/www.bauplanung-hessen.de\/wp-content\/uploads\/2023\/05\/Verbau-2-Erdbau-300x225.jpg 300w, https:\/\/www.bauplanung-hessen.de\/wp-content\/uploads\/2023\/05\/Verbau-2-Erdbau-768x576.jpg 768w, https:\/\/www.bauplanung-hessen.de\/wp-content\/uploads\/2023\/05\/Verbau-2-Erdbau-1536x1152.jpg 1536w, https:\/\/www.bauplanung-hessen.de\/wp-content\/uploads\/2023\/05\/Verbau-2-Erdbau.jpg 1695w\" sizes=\"(max-width: 1024px) 100vw, 1024px\" \/><\/figure>\n\n\n\n<figure class=\"wp-block-image size-large\"><img loading=\"lazy\" decoding=\"async\" width=\"1024\" height=\"768\" data-id=\"101\" src=\"https:\/\/www.bauplanung-hessen.de\/wp-content\/uploads\/2023\/05\/Verbau-Erdbau-1024x768.jpg\" alt=\"\" class=\"wp-image-101\" srcset=\"https:\/\/www.bauplanung-hessen.de\/wp-content\/uploads\/2023\/05\/Verbau-Erdbau-1024x768.jpg 1024w, https:\/\/www.bauplanung-hessen.de\/wp-content\/uploads\/2023\/05\/Verbau-Erdbau-300x225.jpg 300w, https:\/\/www.bauplanung-hessen.de\/wp-content\/uploads\/2023\/05\/Verbau-Erdbau-768x576.jpg 768w, https:\/\/www.bauplanung-hessen.de\/wp-content\/uploads\/2023\/05\/Verbau-Erdbau-1536x1152.jpg 1536w, https:\/\/www.bauplanung-hessen.de\/wp-content\/uploads\/2023\/05\/Verbau-Erdbau.jpg 1695w\" sizes=\"(max-width: 1024px) 100vw, 1024px\" \/><\/figure>\n\n\n\n<figure class=\"wp-block-image size-large\"><img loading=\"lazy\" decoding=\"async\" width=\"1024\" height=\"768\" data-id=\"105\" src=\"https:\/\/www.bauplanung-hessen.de\/wp-content\/uploads\/2023\/05\/Gutzachten-Eisentraeger-HBE-260-1024x768.jpg\" alt=\"\" class=\"wp-image-105\" srcset=\"https:\/\/www.bauplanung-hessen.de\/wp-content\/uploads\/2023\/05\/Gutzachten-Eisentraeger-HBE-260-1024x768.jpg 1024w, https:\/\/www.bauplanung-hessen.de\/wp-content\/uploads\/2023\/05\/Gutzachten-Eisentraeger-HBE-260-300x225.jpg 300w, https:\/\/www.bauplanung-hessen.de\/wp-content\/uploads\/2023\/05\/Gutzachten-Eisentraeger-HBE-260-768x576.jpg 768w, https:\/\/www.bauplanung-hessen.de\/wp-content\/uploads\/2023\/05\/Gutzachten-Eisentraeger-HBE-260-1536x1152.jpg 1536w, https:\/\/www.bauplanung-hessen.de\/wp-content\/uploads\/2023\/05\/Gutzachten-Eisentraeger-HBE-260-2048x1536.jpg 2048w\" sizes=\"(max-width: 1024px) 100vw, 1024px\" \/><\/figure>\n<\/figure>\n\n\n\n<p>.<\/p>\n\n\n\n<p class=\"has-medium-font-size\"><strong>Gutachten Sauberkeitsschicht und Fundamente &#8211; Freie und unabh\u00e4ngige  Kontrollbegutachtung<\/strong><\/p>\n\n\n\n<figure class=\"wp-block-gallery has-nested-images columns-default is-cropped wp-block-gallery-8 is-layout-flex wp-block-gallery-is-layout-flex\">\n<figure class=\"wp-block-image size-large\"><img loading=\"lazy\" decoding=\"async\" width=\"1024\" height=\"768\" data-id=\"102\" src=\"https:\/\/www.bauplanung-hessen.de\/wp-content\/uploads\/2023\/05\/Gutachten-Sauberkeit-1024x768.jpg\" alt=\"\" class=\"wp-image-102\" srcset=\"https:\/\/www.bauplanung-hessen.de\/wp-content\/uploads\/2023\/05\/Gutachten-Sauberkeit-1024x768.jpg 1024w, https:\/\/www.bauplanung-hessen.de\/wp-content\/uploads\/2023\/05\/Gutachten-Sauberkeit-300x225.jpg 300w, https:\/\/www.bauplanung-hessen.de\/wp-content\/uploads\/2023\/05\/Gutachten-Sauberkeit-768x576.jpg 768w, https:\/\/www.bauplanung-hessen.de\/wp-content\/uploads\/2023\/05\/Gutachten-Sauberkeit-1536x1152.jpg 1536w, https:\/\/www.bauplanung-hessen.de\/wp-content\/uploads\/2023\/05\/Gutachten-Sauberkeit.jpg 1695w\" sizes=\"(max-width: 1024px) 100vw, 1024px\" \/><\/figure>\n\n\n\n<figure class=\"wp-block-image size-large\"><img loading=\"lazy\" decoding=\"async\" width=\"1024\" height=\"768\" data-id=\"103\" src=\"https:\/\/www.bauplanung-hessen.de\/wp-content\/uploads\/2023\/05\/Gutachten-Fundamente-1024x768.jpg\" alt=\"\" class=\"wp-image-103\" srcset=\"https:\/\/www.bauplanung-hessen.de\/wp-content\/uploads\/2023\/05\/Gutachten-Fundamente-1024x768.jpg 1024w, https:\/\/www.bauplanung-hessen.de\/wp-content\/uploads\/2023\/05\/Gutachten-Fundamente-300x225.jpg 300w, https:\/\/www.bauplanung-hessen.de\/wp-content\/uploads\/2023\/05\/Gutachten-Fundamente-768x576.jpg 768w, https:\/\/www.bauplanung-hessen.de\/wp-content\/uploads\/2023\/05\/Gutachten-Fundamente-1536x1152.jpg 1536w, https:\/\/www.bauplanung-hessen.de\/wp-content\/uploads\/2023\/05\/Gutachten-Fundamente.jpg 1695w\" sizes=\"(max-width: 1024px) 100vw, 1024px\" \/><\/figure>\n\n\n\n<figure class=\"wp-block-image size-large\"><img loading=\"lazy\" decoding=\"async\" width=\"1024\" height=\"768\" data-id=\"104\" src=\"https:\/\/www.bauplanung-hessen.de\/wp-content\/uploads\/2023\/05\/Gutachten-BPL-Eisen-1024x768.jpg\" alt=\"\" class=\"wp-image-104\" srcset=\"https:\/\/www.bauplanung-hessen.de\/wp-content\/uploads\/2023\/05\/Gutachten-BPL-Eisen-1024x768.jpg 1024w, https:\/\/www.bauplanung-hessen.de\/wp-content\/uploads\/2023\/05\/Gutachten-BPL-Eisen-300x225.jpg 300w, https:\/\/www.bauplanung-hessen.de\/wp-content\/uploads\/2023\/05\/Gutachten-BPL-Eisen-768x576.jpg 768w, https:\/\/www.bauplanung-hessen.de\/wp-content\/uploads\/2023\/05\/Gutachten-BPL-Eisen-1536x1152.jpg 1536w, https:\/\/www.bauplanung-hessen.de\/wp-content\/uploads\/2023\/05\/Gutachten-BPL-Eisen.jpg 1695w\" sizes=\"(max-width: 1024px) 100vw, 1024px\" \/><\/figure>\n<\/figure>\n\n\n\n<p><\/p>\n\n\n\n<p><\/p>\n\n\n\n<p><\/p>\n\n\n\n<p><\/p>\n","protected":false},"excerpt":{"rendered":"<p>Hier ein Auszug meiner Arbeiten Mehrfamilienhaus Frankfurt mit TG . 1 FH &#8211; Bungalow &#8211; 1.Entwurf . Entwurf &#8211; Villa . 1.Entwurf in Arbeit &#8211; B\u00fcrohaus in 2 Geb\u00e4uden . 1.Entwurf Hotel mit 600 Zimmer &#8211; Restaurant, Bar Konferenzr\u00e4ume in Arbeit . Arztpraxis und Aufstockung . Gutachten Berliner Verbau &#8211; Freie und unabh\u00e4ngige Kontrollbegutachtung . [&hellip;]<\/p>\n","protected":false},"author":1,"featured_media":0,"parent":0,"menu_order":0,"comment_status":"closed","ping_status":"closed","template":"","meta":{"footnotes":""},"class_list":["post-77","page","type-page","status-publish","hentry"],"_links":{"self":[{"href":"https:\/\/www.bauplanung-hessen.de\/index.php?rest_route=\/wp\/v2\/pages\/77"}],"collection":[{"href":"https:\/\/www.bauplanung-hessen.de\/index.php?rest_route=\/wp\/v2\/pages"}],"about":[{"href":"https:\/\/www.bauplanung-hessen.de\/index.php?rest_route=\/wp\/v2\/types\/page"}],"author":[{"embeddable":true,"href":"https:\/\/www.bauplanung-hessen.de\/index.php?rest_route=\/wp\/v2\/users\/1"}],"replies":[{"embeddable":true,"href":"https:\/\/www.bauplanung-hessen.de\/index.php?rest_route=%2Fwp%2Fv2%2Fcomments&post=77"}],"version-history":[{"count":6,"href":"https:\/\/www.bauplanung-hessen.de\/index.php?rest_route=\/wp\/v2\/pages\/77\/revisions"}],"predecessor-version":[{"id":137,"href":"https:\/\/www.bauplanung-hessen.de\/index.php?rest_route=\/wp\/v2\/pages\/77\/revisions\/137"}],"wp:attachment":[{"href":"https:\/\/www.bauplanung-hessen.de\/index.php?rest_route=%2Fwp%2Fv2%2Fmedia&parent=77"}],"curies":[{"name":"wp","href":"https:\/\/api.w.org\/{rel}","templated":true}]}}